{"id":552,"date":"2024-11-18T09:53:33","date_gmt":"2024-11-18T08:53:33","guid":{"rendered":"https:\/\/vanel.be\/Reno\/?page_id=552"},"modified":"2024-11-28T11:47:12","modified_gmt":"2024-11-28T10:47:12","slug":"bio","status":"publish","type":"page","link":"https:\/\/vanel.be\/Reno\/bio\/","title":{"rendered":"Bio &amp; Contact"},"content":{"rendered":"<h1 style=\"text-align: center;\">Renaud Van Elewyck &#8211; <em>Gravures<\/em><\/h1>\n<p><img alt=\"\" loading=\"lazy\" decoding=\"async\" class=\"size-medium wp-image-67 aligncenter\" src=\"https:\/\/vanel.be\/Reno\/wp-content\/uploads\/2024\/11\/img083-210x300.jpg\" alt=\"\" width=\"210\" height=\"300\" srcset=\"https:\/\/vanel.be\/Reno\/wp-content\/uploads\/2024\/11\/img083-210x300.jpg 210w, https:\/\/vanel.be\/Reno\/wp-content\/uploads\/2024\/11\/img083.jpg 475w\" sizes=\"auto, (max-width: 210px) 100vw, 210px\" \/><\/p>\n<p>N\u00e9 \u00e0 Bruxelles en 1979, et rest\u00e9 ten-noodois malgr\u00e9 l&rsquo;exil ult\u00e9rieur (\u00e0 l&rsquo;\u00e9poque on disait <em>Josselain<\/em>).<\/p>\n<p>D\u00e9couvre le dessin chez Daniel Renders (Aca de Saint-Josse) et ne cesse de griffonner ensuite. Etudes d&rsquo;arch\u00e9ologie pr\u00e9historique.<\/p>\n<p>Collectionneur fou furieux de livres, view-master, mugs tiki, et j&rsquo;en passe. Afflig\u00e9 de deux enfants. Travaille pour le public et aime \u00e7a.<\/p>\n<p>D\u00e9couvre la gravure chez Monique Dohy (atelier de gravure \u00e0 Anderlecht) en 2019 et depuis lors travaille d&rsquo;arrache-pied en taille d&rsquo;\u00e9pargne ou en taille-douce. A failli faire la peinture \u00e0 la place, mais ne s&rsquo;imaginait pas passer l&rsquo;ann\u00e9e avec des portraitistes de Delon ou de cl\u00e9bards. Aime bien la lino, l&rsquo;aquatinte et am\u00e9liorer sa technique. D\u00e9sesp\u00e8re chaque fois qu&rsquo;il ouvre un livre de Masereel. N&rsquo;aime pas trop les techniques \u00e0 la mode, genre le monotype, le t\u00e9trapack ni soumettre le processus \u00e0 l&rsquo; \u00ab\u00a0<em>erreur cr\u00e9atrice<\/em>\u00ab\u00a0.<\/p>\n<p>R\u00e9solument figuratif, en navigant entre r\u00e9alisme magique et petit th\u00e9\u00e2tre de la cruaut\u00e9. Travaille beaucoup sur le souvenir, la m\u00e9moire. Adore Sol LeWitt, mais pas ses suiveurs conceptuels \u00e0 la petite semaine (lire: Tom Wolfe, <em>Le mot peint<\/em>, Gallimard -NRF \u00ab\u00a0essais CCV\u00a0\u00bb 1978). N&rsquo;est content que quand les visiteurs de l&rsquo;expo trouvent \u00e7a macabre.<\/p>\n<p>Regrette: les trains de nuit, les vinyles \u00e0 20 francs en brocante, les dioramas au Mus\u00e9e d&rsquo;Histoire naturelle, Catherine, le Lop-Lop, Andr\u00e9 Williams.<\/p>\n<p>Aimerait retourner au Mexique et \u00e0 Hano\u00ef. Voudrait aller \u00e0 Big Sur, en Ethiopie, dans le Yenan, \u00e0 Volgograd.<\/p>\n<p>D\u00e9teste les audioguides, les autos, le chou rouge cuit, la t\u00e9l\u00e9, les chiens, le poison, la musique qui passe \u00e0 la radio, la rentr\u00e9e litt\u00e9raire, le nouveau logo du Cinquantenaire.<\/p>\n<p>Pr\u00e9f\u00e8re les sous-genres musicaux oubli\u00e9s, le ph\u00f4, le mois d&rsquo;avril, les renards, le v\u00e9lo et les pieds, la Cinematek, la vie analogique, tout Werner Herzog et Georges Perec.<\/p>\n<p>Sans \u00eatre goth, aime bien les squelettes stylis\u00e9s et s&rsquo;habiller en noir.<\/p>\n<p>Ne sait pas r\u00e9diger de bio s\u00e9rieuse.<\/p>\n<p><strong>Contact: <a href=\"mailto:reno@vanel.be\">reno@vanel.be<\/a>\u00a0<\/strong><\/p>\n","protected":false},"excerpt":{"rendered":"<p>Renaud Van Elewyck &#8211; Gravures N\u00e9 \u00e0 Bruxelles en 1979, et rest\u00e9 ten-noodois malgr\u00e9 l&rsquo;exil ult\u00e9rieur (\u00e0 l&rsquo;\u00e9poque on disait Josselain). D\u00e9couvre le dessin chez Daniel Renders (Aca de Saint-Josse) et ne cesse de griffonner ensuite. Etudes d&rsquo;arch\u00e9ologie pr\u00e9historique. Collectionneur fou furieux de livres, view-master, mugs tiki, et j&rsquo;en passe. Afflig\u00e9 de deux enfants. Travaille&#8230;<\/p>\n","protected":false},"author":1,"featured_media":0,"parent":0,"menu_order":0,"comment_status":"closed","ping_status":"closed","template":"","meta":{"_seopress_robots_primary_cat":"","_seopress_titles_title":"","_seopress_titles_desc":"","_seopress_robots_index":"","footnotes":""},"class_list":["post-552","page","type-page","status-publish","hentry"],"_links":{"self":[{"href":"https:\/\/vanel.be\/Reno\/wp-json\/wp\/v2\/pages\/552","targetHints":{"allow":["GET"]}}],"collection":[{"href":"https:\/\/vanel.be\/Reno\/wp-json\/wp\/v2\/pages"}],"about":[{"href":"https:\/\/vanel.be\/Reno\/wp-json\/wp\/v2\/types\/page"}],"author":[{"embeddable":true,"href":"https:\/\/vanel.be\/Reno\/wp-json\/wp\/v2\/users\/1"}],"replies":[{"embeddable":true,"href":"https:\/\/vanel.be\/Reno\/wp-json\/wp\/v2\/comments?post=552"}],"version-history":[{"count":10,"href":"https:\/\/vanel.be\/Reno\/wp-json\/wp\/v2\/pages\/552\/revisions"}],"predecessor-version":[{"id":691,"href":"https:\/\/vanel.be\/Reno\/wp-json\/wp\/v2\/pages\/552\/revisions\/691"}],"wp:attachment":[{"href":"https:\/\/vanel.be\/Reno\/wp-json\/wp\/v2\/media?parent=552"}],"curies":[{"name":"wp","href":"https:\/\/api.w.org\/{rel}","templated":true}]}}